{"id":184,"date":"2021-05-04T10:36:05","date_gmt":"2021-05-04T10:36:05","guid":{"rendered":"https:\/\/www.himilanrhofair.it\/privacy-policy\/"},"modified":"2022-05-02T12:50:11","modified_gmt":"2022-05-02T12:50:11","slug":"privacy-policy","status":"publish","type":"page","link":"https:\/\/www.himilanrhofair.it\/en\/privacy-policy\/","title":{"rendered":"Privacy Policy"},"content":{"rendered":"<p>La seguente informativa \u00e8 valida per tutti gli hotel e resort appartenenti al gruppo Italiana Hotels &amp; Resort (www.himilanrhofair.it, www.hiflorence.it, www.hicosenza.it, www.borgodifiuzzi.it, www.italiana-hotels.it)<br \/>\n\u200b<br \/>\n\u200b<strong>Italiana Hotels &amp; Resort s.r.l<\/strong>., con sede legale in Viale Europa 205 &#8211; Firenze (FI), P.IVA 03064800786 (in seguito, \u201cTitolare\u201d), in qualit\u00e0 di titolare del trattamento, La informa ai sensi dell\u2019art. 13 Regolamento UE n. 2016\/679 (in seguito, \u201c<strong>GDPR<\/strong>\u201d) che i Suoi dati saranno trattati con le modalit\u00e0 e per le finalit\u00e0 seguenti:<\/p>\n<p><strong>1. Oggetto del Trattamento<\/strong><br \/>\nIl Titolare tratta i dati personali, identificativi (ad esempio, nome, cognome, ragione sociale, indirizzo, telefono, e-mail, riferimenti bancari e di pagamento) in seguito, \u201c<strong>dati personali<\/strong>\u201d o anche \u201c<strong>dati<\/strong>\u201d (esempio: informazioni sui tuoi soggiorni, incluse le date di arrivo e partenza, le richieste speciali e le tue preferenze sui servizi: preferenza su camere, servizi o altro) da Lei comunicati in occasione della conclusione di contratti per i servizi del Titolare.<\/p>\n<p><strong>2. Finalit\u00e0 del trattamento<\/strong><br \/>\nI Suoi dati personali sono trattati:<br \/>\nA) senza il Suo consenso espresso (art. 6 lett. b), e (GDPR), per le seguenti Finalit\u00e0 di Servizio:<\/p>\n<ul>\n<li>concludere i contratti per i servizi del Titolare;<\/li>\n<li>\u00a0completare e gestire prenotazioni;<\/li>\n<li>assistenza clienti;<\/li>\n<li>adempiere agli obblighi precontrattuali, contrattuali e fiscali derivanti da rapporti con Lei in essere;<\/li>\n<li>adempiere agli obblighi previsti dalla legge, da un regolamento, dalla normativa comunitaria o da un ordine dell\u2019Autorit\u00e0 (come ad esempio in materia di antiriciclaggio);<\/li>\n<li>esercitare i diritti del Titolare, ad esempio il diritto di difesa in giudizio;<\/li>\n<\/ul>\n<p>B) Solo previo Suo specifico e distinto consenso (art. 7 GDPR), per le seguenti Finalit\u00e0 di Marketing:<\/p>\n<ul>\n<li>inviarLe via e-mail, posta e\/o sms e\/o contatti telefonici, newsletter, comunicazioni commerciali e\/o materiale pubblicitario su prodotti o servizi offerti dal Titolare e rilevazione del grado di soddisfazione sulla qualit\u00e0 dei servizi;<\/li>\n<li>inviarLe via e-mail, posta e\/o sms e\/o contatti telefonici comunicazioni commerciali e\/o promozionali di soggetti terzi. Le segnaliamo che se siete gi\u00e0 nostri clienti, potremo inviarLe comunicazioni commerciali relative a servizi e prodotti del Titolare analoghi a quelli di cui ha gi\u00e0 usufruito, salvo Suo dissenso.<\/li>\n<\/ul>\n<p><strong>3. Modalit\u00e0 di trattamento<\/strong><br \/>\nIl trattamento dei Suoi dati personali \u00e8 realizzato per mezzo delle operazioni indicate all\u2019art. 4 n. 2) GDPR e precisamente: raccolta, registrazione, organizzazione, conservazione, consultazione, elaborazione, modificazione, selezione, estrazione, raffronto, utilizzo, interconnessione, blocco, comunicazione, cancellazione e distruzione dei dati. I Suoi dati personali sono sottoposti a trattamento sia cartaceo che elettronico e\/o automatizzato.<\/p>\n<p>Il Titolare tratter\u00e0 i dati personali per il tempo necessario per adempiere alle finalit\u00e0 di cui sopra e comunque per non oltre 10 anni dalla cessazione del rapporto per le Finalit\u00e0 di Servizio e per non oltre 2 anni dalla raccolta dei dati per le Finalit\u00e0 di Marketing.<\/p>\n<p><strong>4. Accesso ai dati<\/strong><br \/>\nI Suoi dati potranno essere resi accessibili per le finalit\u00e0 di cui all\u2019art. 2.A) e 2.B):<\/p>\n<ul>\n<li>a dipendenti e collaboratori del Titolare o delle societ\u00e0 del Gruppo Italiana Hotels &amp; Resort s.r.l. in Italia e all\u2019estero, nella loro qualit\u00e0 di incaricati e\/o responsabili interni del trattamento e\/o amministratori di sistema;<\/li>\n<li>a societ\u00e0 terze o altri soggetti (a titolo indicativo, servizi di hosting e cloud, studi professionali, consulenti, fornitori, etc.) che svolgono attivit\u00e0 in outsourcing per conto del Titolare, nella loro qualit\u00e0 di responsabili esterni del trattamento.<\/li>\n<\/ul>\n<p><strong>5. Comunicazione dei dati<\/strong><br \/>\nSenza la necessit\u00e0 di un espresso consenso (art. 6 lett. b) e c) GDPR), il Titolare potr\u00e0 comunicare i Suoi dati per le finalit\u00e0 di cui all\u2019art. 2.A) a Organismi di vigilanza, Autorit\u00e0 giudiziarie, nonch\u00e9 a quei soggetti ai quali la comunicazione sia obbligatoria per legge per l\u2019espletamento delle finalit\u00e0 dette. Detti soggetti tratteranno i dati nella loro qualit\u00e0 di autonomi titolari del trattamento.<\/p>\n<p>I Suoi dati non saranno diffusi.<\/p>\n<p><strong>6. Trasferimento dati<\/strong><br \/>\nLa gestione e la conservazione dei dati personali avverr\u00e0 su server ubicati all\u2019interno dell\u2019Unione Europea del Titolare e\/o di societ\u00e0 terze incaricate e debitamente nominate quali Responsabili del trattamento. Attualmente i server sono situati in Italia. I dati non saranno oggetto di trasferimento al di fuori dell\u2019Unione Europea. Resta in ogni caso inteso che il Titolare, ove si rendesse necessario, avr\u00e0 facolt\u00e0 di spostare l\u2019ubicazione dei server in Italia e\/o Unione Europea e\/o Paesi extra-UE. In tal caso, il Titolare assicura sin d\u2019ora che il trasferimento dei dati extra-UE avverr\u00e0 in conformit\u00e0 alle disposizioni di legge applicabili stipulando, se necessario, accordi che garantiscano un livello di protezione adeguato e\/o adottando le clausole contrattuali standard previste dalla Commissione Europea.<\/p>\n<p><strong>7. Natura del conferimento dei dati e conseguenze del rifiuto di rispondere<\/strong><br \/>\nIl conferimento dei dati per le finalit\u00e0 di cui all\u2019art. 2.A) \u00e8 obbligatorio. In loro assenza, non potremo garantirLe i Servizi dell\u2019art. 2.A). Il conferimento dei dati per le finalit\u00e0 di cui all\u2019art. 2.B) \u00e8 invece facoltativo. Pu\u00f2 quindi decidere di non conferire alcun dato o di negare successivamente la possibilit\u00e0 di trattare dati gi\u00e0 forniti: in tal caso, non potr\u00e0 ricevere newsletter, comunicazioni commerciali e materiale pubblicitario inerenti ai Servizi offerti dal Titolare. Continuer\u00e0 comunque ad avere diritto ai Servizi di cui all\u2019art. 2.A). 8. Diritti dell\u2019interessato Nella Sua qualit\u00e0 di interessato, ha i diritti di cui all\u2019art. 15 GDPR e precisamente i diritti di:<\/p>\n<ul>\n<li>I. ottenere la conferma dell&#8217;esistenza o meno di dati personali che La riguardano, anche se non ancora registrati, e la loro comunicazione in forma intelligibile;<\/li>\n<li>II. ottenere l&#8217;indicazione: a) dell&#8217;origine dei dati personali; b) delle finalit\u00e0 e modalit\u00e0 del trattamento; c) della logica applicata in caso di trattamento effettuato con l&#8217;ausilio di strumenti elettronici; d) degli estremi identificativi del titolare, dei responsabili e del rappresentante designato ai sensi dell&#8217;art. 3, comma 1, GDPR; e) dei soggetti o delle categorie di soggetti ai quali i dati personali possono essere comunicati o che possono venirne a conoscenza in qualit\u00e0 di rappresentante designato nel territorio dello Stato, di responsabili o incaricati;<\/li>\n<li>III. ottenere: a) l&#8217;aggiornamento, la rettificazione ovvero, quando vi ha interesse, l&#8217;integrazione dei dati; b) la cancellazione, la trasformazione in forma anonima o il blocco dei dati trattati in violazione di legge, compresi quelli di cui non \u00e8 necessaria la conservazione in relazione agli scopi per i quali i dati sono stati raccolti o successivamente trattati; c) l&#8217;attestazione che le operazioni di cui alle lettere a) e b) sono state portate a conoscenza, anche per quanto riguarda il loro contenuto, di coloro ai quali i dati sono stati comunicati o diffusi, eccettuato il caso in cui tale adempimento si rivela impossibile o comporta un impiego di mezzi manifestamente sproporzionato rispetto al diritto tutelato;<\/li>\n<li>IV. opporsi, in tutto o in parte: a) per motivi legittimi al trattamento dei dati personali che La riguardano, ancorch\u00e9 pertinenti allo scopo della raccolta; b) al trattamento di dati personali che La riguardano a fini di invio di materiale pubblicitario o di vendita diretta o per il compimento di ricerche di mercato o di comunicazione commerciale, mediante l\u2019uso di sistemi automatizzati di chiamata senza l\u2019intervento di un operatore mediante e-mail e\/o mediante modalit\u00e0 di marketing tradizionali mediante telefono e\/o posta cartacea. Si fa presente che il diritto di opposizione dell\u2019interessato, esposto al precedente punto b), per finalit\u00e0 di marketing diretto mediante modalit\u00e0 automatizzate si estende a quelle tradizionali e che comunque resta salva la possibilit\u00e0 per l\u2019interessato di esercitare il diritto di opposizione anche solo in parte. Pertanto, l\u2019interessato pu\u00f2 decidere di ricevere solo comunicazioni mediante modalit\u00e0 tradizionali ovvero solo comunicazioni automatizzate oppure nessuna delle due tipologie di comunicazione.<\/li>\n<\/ul>\n<p>Ove applicabili, ha altres\u00ec i diritti di cui agli artt. 16-21 GDPR (Diritto di rettifica, diritto all\u2019oblio, diritto di limitazione di trattamento, diritto alla portabilit\u00e0 dei dati, diritto di opposizione), nonch\u00e9 il diritto di reclamo all\u2019Autorit\u00e0 Garante.<\/p>\n<p><strong>9. Modalit\u00e0 di esercizio dei diritti<\/strong><br \/>\nPotr\u00e0 in qualsiasi momento esercitare i diritti inviando:<\/p>\n<ul>\n<li>una raccomandata a.r. a: Italiana Hotels &amp; Resort s.r.l., con sede legale in Via urchia n. 12 &#8211; Firenze (FI);<\/li>\n<li>una e-mail all\u2019indirizzo: info@italiana-hotels.com.<\/li>\n<\/ul>\n<p><strong>10. Minori<\/strong>\u00a0I Servizi del Titolare non sono destinati a minori di 18 anni e il Titolare non raccoglie intenzionalmente informazioni personali riferite ai minori. Nel caso in cui informazioni su minori fossero involontariamente registrate, il Titolare le canceller\u00e0 in modo tempestivo, su richiesta degli utenti.<\/p>\n<p><strong>11. Titolare, responsabile e incaricati<\/strong><br \/>\nIl Titolare del trattamento \u00e8 Italiana Hotels &amp; Resort s.r.l. L\u2019elenco aggiornato dei responsabili e degli incaricati al trattamento \u00e8 custodito presso la sede legale del Titolare del trattamento.<\/p>\n<p><strong>12. Modifiche alla presente Informativa<\/strong><br \/>\nLa presente Informativa pu\u00f2 subire variazioni. Si consiglia, quindi, di controllare regolarmente questa Informativa e di riferirsi alla versione pi\u00f9 aggiornata.\u00a0\u200b<\/p>\n","protected":false},"excerpt":{"rendered":"<p>La seguente informativa \u00e8 valida per tutti gli hotel e resort appartenenti al gruppo Italiana Hotels &amp; Resort (www.himilanrhofair.it, www.hiflorence.it, www.hicosenza.it, www.borgodifiuzzi.it, www.italiana-hotels.it) \u200b \u200bItaliana Hotels &amp; Resort s.r.l., con sede legale in Viale Europa 205 &#8211; Firenze (FI), P.IVA 03064800786 (in seguito, \u201cTitolare\u201d), in qualit\u00e0 di titolare del trattamento, La informa ai sensi dell\u2019art. [&hellip;]<\/p>\n","protected":false},"author":4,"featured_media":0,"parent":0,"menu_order":100,"comment_status":"closed","ping_status":"closed","template":"template-default-2.php","meta":{"footnotes":""},"class_list":["post-184","page","type-page","status-publish","hentry"],"yoast_head":"<!-- This site is optimized with the Yoast SEO plugin v26.9 - https:\/\/yoast.com\/product\/yoast-seo-wordpress\/ -->\n<title>Privacy Policy - Italiana Hotels Milan Rho Fair -<\/title>\n<meta name=\"description\" content=\"La seguente informativa \u00e8 valida per tutti gli hotel e resort appartenenti al gruppo Italiana Hotels &amp; Resort (www.himilanrhofair.it, www.hiflorence.it, www.hicosenza.it, www.borgodifiuzzi.it, www.italiana-hotels.it) \u200b \u200bItaliana Hotels &amp; Resort s.r.l., con sede legale in Viale Europa 205 - Firenze (FI), P.IVA 03064800786 (in seguito, \u201cTitolare\u201d), in qualit\u00e0 di titolare del trattamento, La informa ai sensi dell\u2019art. 13 Regolamento UE n\" \/>\n<meta name=\"robots\" content=\"index, follow, max-snippet:-1, max-image-preview:large, max-video-preview:-1\" \/>\n<link rel=\"canonical\" href=\"https:\/\/www.himilanrhofair.it\/en\/privacy-policy\/\" \/>\n<meta property=\"og:locale\" content=\"en_US\" \/>\n<meta property=\"og:type\" content=\"article\" \/>\n<meta property=\"og:title\" content=\"Privacy Policy - Italiana Hotels Milan Rho Fair -\" \/>\n<meta property=\"og:description\" content=\"La seguente informativa \u00e8 valida per tutti gli hotel e resort appartenenti al gruppo Italiana Hotels &amp; Resort (www.himilanrhofair.it, www.hiflorence.it, www.hicosenza.it, www.borgodifiuzzi.it, www.italiana-hotels.it) \u200b \u200bItaliana Hotels &amp; Resort s.r.l., con sede legale in Viale Europa 205 - Firenze (FI), P.IVA 03064800786 (in seguito, \u201cTitolare\u201d), in qualit\u00e0 di titolare del trattamento, La informa ai sensi dell\u2019art. 13 Regolamento UE n\" \/>\n<meta property=\"og:url\" content=\"https:\/\/www.himilanrhofair.it\/en\/privacy-policy\/\" \/>\n<meta property=\"og:site_name\" content=\"Italiana Hotels Milan Rho Fair\" \/>\n<meta property=\"article:modified_time\" content=\"2022-05-02T12:50:11+00:00\" \/>\n<meta name=\"twitter:card\" content=\"summary_large_image\" \/>\n<meta name=\"twitter:label1\" content=\"Est. reading time\" \/>\n\t<meta name=\"twitter:data1\" content=\"7 minutes\" \/>\n<script type=\"application\/ld+json\" class=\"yoast-schema-graph\">{\"@context\":\"https:\/\/schema.org\",\"@graph\":[{\"@type\":\"WebPage\",\"@id\":\"https:\/\/www.himilanrhofair.it\/en\/privacy-policy\/\",\"url\":\"https:\/\/www.himilanrhofair.it\/en\/privacy-policy\/\",\"name\":\"Privacy Policy - Italiana Hotels Milan Rho Fair -\",\"isPartOf\":{\"@id\":\"https:\/\/www.himilanrhofair.it\/en\/#website\"},\"datePublished\":\"2021-05-04T10:36:05+00:00\",\"dateModified\":\"2022-05-02T12:50:11+00:00\",\"description\":\"La seguente informativa \u00e8 valida per tutti gli hotel e resort appartenenti al gruppo Italiana Hotels &amp; Resort (www.himilanrhofair.it, www.hiflorence.it, www.hicosenza.it, www.borgodifiuzzi.it, www.italiana-hotels.it) \u200b \u200bItaliana Hotels &amp; Resort s.r.l., con sede legale in Viale Europa 205 - Firenze (FI), P.IVA 03064800786 (in seguito, \u201cTitolare\u201d), in qualit\u00e0 di titolare del trattamento, La informa ai sensi dell\u2019art. 13 Regolamento UE n\",\"breadcrumb\":{\"@id\":\"https:\/\/www.himilanrhofair.it\/en\/privacy-policy\/#breadcrumb\"},\"inLanguage\":\"en-US\",\"potentialAction\":[{\"@type\":\"ReadAction\",\"target\":[\"https:\/\/www.himilanrhofair.it\/en\/privacy-policy\/\"]}]},{\"@type\":\"BreadcrumbList\",\"@id\":\"https:\/\/www.himilanrhofair.it\/en\/privacy-policy\/#breadcrumb\",\"itemListElement\":[{\"@type\":\"ListItem\",\"position\":1,\"name\":\"Home\",\"item\":\"https:\/\/www.himilanrhofair.it\/en\/\"},{\"@type\":\"ListItem\",\"position\":2,\"name\":\"Privacy Policy\"}]},{\"@type\":\"WebSite\",\"@id\":\"https:\/\/www.himilanrhofair.it\/en\/#website\",\"url\":\"https:\/\/www.himilanrhofair.it\/en\/\",\"name\":\"Italiana Hotels Milan Rho Fair\",\"description\":\"Just another ms.decms.eu site\",\"potentialAction\":[{\"@type\":\"SearchAction\",\"target\":{\"@type\":\"EntryPoint\",\"urlTemplate\":\"https:\/\/www.himilanrhofair.it\/en\/?s={search_term_string}\"},\"query-input\":{\"@type\":\"PropertyValueSpecification\",\"valueRequired\":true,\"valueName\":\"search_term_string\"}}],\"inLanguage\":\"en-US\"}]}<\/script>\n<!-- \/ Yoast SEO plugin. -->","yoast_head_json":{"title":"Privacy Policy - Italiana Hotels Milan Rho Fair -","description":"La seguente informativa \u00e8 valida per tutti gli hotel e resort appartenenti al gruppo Italiana Hotels &amp; Resort (www.himilanrhofair.it, www.hiflorence.it, www.hicosenza.it, www.borgodifiuzzi.it, www.italiana-hotels.it) \u200b \u200bItaliana Hotels &amp; Resort s.r.l., con sede legale in Viale Europa 205 - Firenze (FI), P.IVA 03064800786 (in seguito, \u201cTitolare\u201d), in qualit\u00e0 di titolare del trattamento, La informa ai sensi dell\u2019art. 13 Regolamento UE n","robots":{"index":"index","follow":"follow","max-snippet":"max-snippet:-1","max-image-preview":"max-image-preview:large","max-video-preview":"max-video-preview:-1"},"canonical":"https:\/\/www.himilanrhofair.it\/en\/privacy-policy\/","og_locale":"en_US","og_type":"article","og_title":"Privacy Policy - Italiana Hotels Milan Rho Fair -","og_description":"La seguente informativa \u00e8 valida per tutti gli hotel e resort appartenenti al gruppo Italiana Hotels &amp; Resort (www.himilanrhofair.it, www.hiflorence.it, www.hicosenza.it, www.borgodifiuzzi.it, www.italiana-hotels.it) \u200b \u200bItaliana Hotels &amp; Resort s.r.l., con sede legale in Viale Europa 205 - Firenze (FI), P.IVA 03064800786 (in seguito, \u201cTitolare\u201d), in qualit\u00e0 di titolare del trattamento, La informa ai sensi dell\u2019art. 13 Regolamento UE n","og_url":"https:\/\/www.himilanrhofair.it\/en\/privacy-policy\/","og_site_name":"Italiana Hotels Milan Rho Fair","article_modified_time":"2022-05-02T12:50:11+00:00","twitter_card":"summary_large_image","twitter_misc":{"Est. reading time":"7 minutes"},"schema":{"@context":"https:\/\/schema.org","@graph":[{"@type":"WebPage","@id":"https:\/\/www.himilanrhofair.it\/en\/privacy-policy\/","url":"https:\/\/www.himilanrhofair.it\/en\/privacy-policy\/","name":"Privacy Policy - Italiana Hotels Milan Rho Fair -","isPartOf":{"@id":"https:\/\/www.himilanrhofair.it\/en\/#website"},"datePublished":"2021-05-04T10:36:05+00:00","dateModified":"2022-05-02T12:50:11+00:00","description":"La seguente informativa \u00e8 valida per tutti gli hotel e resort appartenenti al gruppo Italiana Hotels &amp; Resort (www.himilanrhofair.it, www.hiflorence.it, www.hicosenza.it, www.borgodifiuzzi.it, www.italiana-hotels.it) \u200b \u200bItaliana Hotels &amp; Resort s.r.l., con sede legale in Viale Europa 205 - Firenze (FI), P.IVA 03064800786 (in seguito, \u201cTitolare\u201d), in qualit\u00e0 di titolare del trattamento, La informa ai sensi dell\u2019art. 13 Regolamento UE n","breadcrumb":{"@id":"https:\/\/www.himilanrhofair.it\/en\/privacy-policy\/#breadcrumb"},"inLanguage":"en-US","potentialAction":[{"@type":"ReadAction","target":["https:\/\/www.himilanrhofair.it\/en\/privacy-policy\/"]}]},{"@type":"BreadcrumbList","@id":"https:\/\/www.himilanrhofair.it\/en\/privacy-policy\/#breadcrumb","itemListElement":[{"@type":"ListItem","position":1,"name":"Home","item":"https:\/\/www.himilanrhofair.it\/en\/"},{"@type":"ListItem","position":2,"name":"Privacy Policy"}]},{"@type":"WebSite","@id":"https:\/\/www.himilanrhofair.it\/en\/#website","url":"https:\/\/www.himilanrhofair.it\/en\/","name":"Italiana Hotels Milan Rho Fair","description":"Just another ms.decms.eu site","potentialAction":[{"@type":"SearchAction","target":{"@type":"EntryPoint","urlTemplate":"https:\/\/www.himilanrhofair.it\/en\/?s={search_term_string}"},"query-input":{"@type":"PropertyValueSpecification","valueRequired":true,"valueName":"search_term_string"}}],"inLanguage":"en-US"}]}},"acf":[],"_links":{"self":[{"href":"https:\/\/www.himilanrhofair.it\/en\/wp-json\/wp\/v2\/pages\/184","targetHints":{"allow":["GET"]}}],"collection":[{"href":"https:\/\/www.himilanrhofair.it\/en\/wp-json\/wp\/v2\/pages"}],"about":[{"href":"https:\/\/www.himilanrhofair.it\/en\/wp-json\/wp\/v2\/types\/page"}],"author":[{"embeddable":true,"href":"https:\/\/www.himilanrhofair.it\/en\/wp-json\/wp\/v2\/users\/4"}],"replies":[{"embeddable":true,"href":"https:\/\/www.himilanrhofair.it\/en\/wp-json\/wp\/v2\/comments?post=184"}],"version-history":[{"count":0,"href":"https:\/\/www.himilanrhofair.it\/en\/wp-json\/wp\/v2\/pages\/184\/revisions"}],"wp:attachment":[{"href":"https:\/\/www.himilanrhofair.it\/en\/wp-json\/wp\/v2\/media?parent=184"}],"curies":[{"name":"wp","href":"https:\/\/api.w.org\/{rel}","templated":true}]}}